{"id":100,"date":"2020-03-13T11:49:15","date_gmt":"2020-03-13T10:49:15","guid":{"rendered":"http:\/\/leprismeasbl.be\/?page_id=100"},"modified":"2022-02-03T10:29:10","modified_gmt":"2022-02-03T09:29:10","slug":"qui-sommes-nous","status":"publish","type":"page","link":"https:\/\/leprismeasbl.be\/index.php\/qui-sommes-nous\/","title":{"rendered":"Qui sommes-nous ?"},"content":{"rendered":"<p>[et_pb_section fb_built=\u00a0\u00bb1&Prime; _builder_version=\u00a0\u00bb4.3.2&Prime; background_color=\u00a0\u00bb#f4f4f4&Prime; global_colors_info=\u00a0\u00bb{}\u00a0\u00bb][et_pb_row column_structure=\u00a0\u00bb1_2,1_2&Prime; make_equal=\u00a0\u00bbon\u00a0\u00bb _builder_version=\u00a0\u00bb4.3.2&Prime; background_color=\u00a0\u00bb#e2e2e2&Prime; global_colors_info=\u00a0\u00bb{}\u00a0\u00bb][et_pb_column type=\u00a0\u00bb1_2&Prime; _builder_version=\u00a0\u00bb4.3.2&Prime; global_colors_info=\u00a0\u00bb{}\u00a0\u00bb][et_pb_text _builder_version=\u00a0\u00bb4.3.2&Prime; custom_margin=\u00a0\u00bb||-3px||false|false\u00a0\u00bb custom_padding=\u00a0\u00bb20px|20px|0px|20px|false|false\u00a0\u00bb global_colors_info=\u00a0\u00bb{}\u00a0\u00bb]<\/p>\n<p style=\"text-align: justify;\">Le S.A.R.E. LE PRISME est un service de l\u2019Aide \u00e0 la Jeunesse.<\/p>\n<p style=\"text-align: justify;\">Il travaille sur la base d\u2019un mandat du Minist\u00e8re public ou du Tribunal de la Jeunesse.<\/p>\n<p style=\"text-align: justify;\">Il s\u2019adresse \u00e0 des mineurs ayant commis un fait qualifi\u00e9 infraction avant l\u2019\u00e2ge de 18\u00a0ans accomplis, ainsi qu\u2019\u00e0 toute personne susceptible de participer \u00e0 une offre restauratrice relativement \u00e0 ce fait, en ce compris la victime.<\/p>\n<p style=\"text-align: justify;\">Il intervient aupr\u00e8s des jeunes dans le milieu de vie.<\/p>\n<p style=\"text-align: justify;\">Le service a pour mission d\u2019apporter une r\u00e9ponse restauratrice et \u00e9ducative aux faits qualifi\u00e9s infractions en organisant\u00a0:<\/p>\n<p style=\"padding-left: 30px; text-align: left;\"><em><strong>Des offres restauratrices<\/strong><\/em><\/p>\n<p style=\"padding-left: 30px; text-align: left;\"><em>&#8211; La m\u00e9diation auteur mineur\/victime propos\u00e9e par le Procureur du Roi.<\/em><\/p>\n<p style=\"padding-left: 30px; text-align: left;\"><em>&#8211; La m\u00e9diation auteur mineur\/victime et la Concertation Restauratrice en Groupe (CRG), propos\u00e9es par le Juge de la Jeunesse.<\/em><\/p>\n<p style=\"padding-left: 30px; text-align: left;\"><em><strong>Des mesures judiciaires \u00e0 l\u2019\u00e9gard du mineur auteur<\/strong><\/em><\/p>\n<p style=\"padding-left: 30px; text-align: left;\"><em>&#8211; Des prestations \u00e9ducatives et d\u2019int\u00e9r\u00eat g\u00e9n\u00e9ral<\/em><\/p>\n<p style=\"padding-left: 30px; text-align: left;\"><em>&#8211; Des modules de formation ou de sensibilisation aux cons\u00e9quences des actes accomplis et \u00e0 leur impact sur les victimes<\/em><\/p>\n<p style=\"padding-left: 30px; text-align: left;\"><em>&#8211; Des activit\u00e9s encadr\u00e9es<\/em><\/p>\n<p style=\"padding-left: 30px; text-align: left;\"><em><\/em><\/p>\n<p style=\"text-align: justify;\">[\/et_pb_text][\/et_pb_column][et_pb_column type=\u00a0\u00bb1_2&Prime; _builder_version=\u00a0\u00bb4.3.2&Prime; global_colors_info=\u00a0\u00bb{}\u00a0\u00bb][et_pb_text _builder_version=\u00a0\u00bb4.3.2&Prime; custom_padding=\u00a0\u00bb20px|20px|20px|20px|false|false\u00a0\u00bb global_colors_info=\u00a0\u00bb{}\u00a0\u00bb]<\/p>\n<p style=\"text-align: justify;\"><strong><span style=\"color: #000000;\">AXES PEDAGOGIQUES<\/span><br \/> <\/strong><\/p>\n<p style=\"text-align: justify;\">Durant notre intervention nous travaillons dans une perspective d\u2019\u00e9ducation, de responsabilisation, d\u2019\u00e9mancipation et de soutien \u00e0 la parentalit\u00e9.<\/p>\n<p style=\"text-align: justify;\">Nous centrons notre travail avec les parents et les jeunes sur leur perception de la probl\u00e9matique amen\u00e9e par l\u2019infraction et sur le fonctionnement familial.<\/p>\n<p style=\"text-align: justify;\">Ensemble, nous donnons du sens \u00e0 l\u2019intervention. Nous d\u00e9finissons les objectifs \u00e9valuables en tenant compte des comp\u00e9tences et ressources de chacun.<\/p>\n<p style=\"text-align: justify;\">La finalit\u00e9 de notre mission est de favoriser une \u00e9volution positive tant de la situation globale du jeune que de la capacit\u00e9 \u00e0 rebondir de chacun.<\/p>\n<p style=\"text-align: justify;\"><span style=\"color: #000000;\"><strong>L&rsquo;EQUIPE<\/strong><\/span><\/p>\n<p style=\"text-align: justify;\">LE PRISME a \u00e9t\u00e9 fond\u00e9 en 1987.<\/p>\n<p style=\"text-align: justify;\">Le service se compose d\u2019une \u00e9quipe pluridisciplinaire form\u00e9e notamment \u00e0 l\u2019intervention syst\u00e9mique et aux techniques de m\u00e9diation. Le travail se fait en co-intervention. Ses membres participent r\u00e9guli\u00e8rement \u00e0 une supervision collective.<\/p>\n<p style=\"text-align: justify;\">Ils entretiennent des relations r\u00e9guli\u00e8res avec les partenaires du secteur de l\u2019Aide \u00e0 la Jeunesse et du monde judiciaire. Ils participent \u00e0 des groupes de concertation.<\/p>\n<p style=\"text-align: justify;\">Ils collaborent avec les nombreux organismes qui accueillent les jeunes en prestation.<\/p>\n<p style=\"text-align: justify;\">Les intervenants du PRISME sont soumis au respect du secret professionnel et au code de d\u00e9ontologie de l\u2019Aide \u00e0 la Jeunesse.<\/p>\n<p>[\/et_pb_text][\/et_pb_column][\/et_pb_row][et_pb_row _builder_version=\u00a0\u00bb4.3.2&Prime; background_color=\u00a0\u00bb#e2e2e2&Prime; min_height=\u00a0\u00bb22px\u00a0\u00bb custom_margin=\u00a0\u00bb4px|auto||auto|false|false\u00a0\u00bb custom_padding=\u00a0\u00bb13px||8px||false|false\u00a0\u00bb global_colors_info=\u00a0\u00bb{}\u00a0\u00bb][et_pb_column type=\u00a0\u00bb4_4&Prime; _builder_version=\u00a0\u00bb4.3.2&Prime; global_colors_info=\u00a0\u00bb{}\u00a0\u00bb][et_pb_text _builder_version=\u00a0\u00bb4.3.2&Prime; text_text_color=\u00a0\u00bb#000000&Prime; custom_margin=\u00a0\u00bb-6px||||false|false\u00a0\u00bb global_colors_info=\u00a0\u00bb{}\u00a0\u00bb]<\/p>\n<p style=\"text-align: center;\"><strong>NOS MISSIONS<\/strong><\/p>\n<p>[\/et_pb_text][\/et_pb_column][\/et_pb_row][et_pb_row column_structure=\u00a0\u00bb1_2,1_2&Prime; _builder_version=\u00a0\u00bb4.3.2&Prime; background_color=\u00a0\u00bb#e2e2e2&Prime; custom_margin=\u00a0\u00bb4px|auto||auto|false|false\u00a0\u00bb global_colors_info=\u00a0\u00bb{}\u00a0\u00bb][et_pb_column type=\u00a0\u00bb1_2&Prime; _builder_version=\u00a0\u00bb4.3.2&Prime; global_colors_info=\u00a0\u00bb{}\u00a0\u00bb][et_pb_text _builder_version=\u00a0\u00bb4.3.2&Prime; text_text_color=\u00a0\u00bb#ffffff\u00a0\u00bb background_color=\u00a0\u00bb#b9ca40&Prime; module_alignment=\u00a0\u00bbcenter\u00a0\u00bb custom_margin=\u00a0\u00bb10px|10px||10px|false|false\u00a0\u00bb custom_padding=\u00a0\u00bb10px|10px|10px|10px|false|false\u00a0\u00bb global_colors_info=\u00a0\u00bb{}\u00a0\u00bb]<\/p>\n<p style=\"text-align: center;\"><strong>La m\u00e9diation auteur mineur\/victime<\/strong><\/p>\n<p>[\/et_pb_text][et_pb_text _builder_version=\u00a0\u00bb4.3.2&Prime; custom_padding=\u00a0\u00bb10px|10px|10px|10px|false|false\u00a0\u00bb global_colors_info=\u00a0\u00bb{}\u00a0\u00bb]<\/p>\n<p style=\"text-align: justify;\">L\u2019offre de m\u00e9diation peut \u00eatre \u00e0 l\u2019initiative du Procureur du Roi, du Juge de la Jeunesse ou des parties elles-m\u00eames.<\/p>\n<p style=\"text-align: justify;\">La m\u00e9diation vise \u00e0 rencontrer les cons\u00e9quences relationnelles et\/ou mat\u00e9rielles du fait commis. Elle offre un espace de parole neutre permettant aux parties d\u2019\u00e9changer sur les v\u00e9cus, les attentes et de trouver un accord satisfaisant pour chacun.<\/p>\n<p style=\"text-align: justify;\">Les premiers rendez-vous sont organis\u00e9s de fa\u00e7on individuelle afin de pr\u00e9parer une \u00e9ventuelle rencontre entre les parties. Lorsqu\u2019un accord est n\u00e9goci\u00e9, celui-ci est formalis\u00e9 par un \u00e9crit et est adress\u00e9 au Magistrat pour homologation. LE PRISME veille \u00e0 son ex\u00e9cution.<\/p>\n<p style=\"text-align: justify;\">La m\u00e9diation est enti\u00e8rement bas\u00e9e sur la participation volontaire. Chacun peut mettre un terme \u00e0 la d\u00e9marche sans risquer de porter atteinte \u00e0 ses droits. Les responsables l\u00e9gaux du mineur auteur et\/ou victime sont associ\u00e9s \u00e0 la d\u00e9marche. La consultation d\u2019un avocat est possible \u00e0 toute \u00e9tape du processus.<\/p>\n<p style=\"text-align: justify;\">Les participants s\u2019engagent \u00e0 la discr\u00e9tion. Les m\u00e9diateurs offrent un cadre neutre et bienveillant. Ils garantissent la confidentialit\u00e9 des propos et l\u2019\u00e9quilibre des \u00e9changes. Le Prisme informe les instances judiciaires uniquement sur l\u2019\u00e9tat d\u2019avancement de la m\u00e9diation.<\/p>\n<p>[\/et_pb_text][\/et_pb_column][et_pb_column type=\u00a0\u00bb1_2&Prime; _builder_version=\u00a0\u00bb4.3.2&Prime; global_colors_info=\u00a0\u00bb{}\u00a0\u00bb][et_pb_text _builder_version=\u00a0\u00bb4.3.2&Prime; text_text_color=\u00a0\u00bb#ffffff\u00a0\u00bb background_color=\u00a0\u00bb#009ddf\u00a0\u00bb custom_margin=\u00a0\u00bb10px|0px||10px|false|false\u00a0\u00bb custom_padding=\u00a0\u00bb10px|10px|10px|10px|false|false\u00a0\u00bb global_colors_info=\u00a0\u00bb{}\u00a0\u00bb]<\/p>\n<p style=\"text-align: center;\"><strong>La concertation restauratrice en groupe<\/strong><\/p>\n<p>[\/et_pb_text][et_pb_text _builder_version=\u00a0\u00bb4.3.2&Prime; custom_padding=\u00a0\u00bb10px|10px|10px|10px|false|false\u00a0\u00bb global_colors_info=\u00a0\u00bb{}\u00a0\u00bb]<\/p>\n<p style=\"text-align: justify;\">Le Juge de la Jeunesse propose la C.R.G. par ordonnance ou jugement.<\/p>\n<p style=\"text-align: justify;\">Elle suit le m\u00eame processus que celui de la m\u00e9diation. Lors d\u2019une CRG, la victime et l\u2019auteur sont accompagn\u00e9s par les personnes ressources de leur choix. Des entretiens pr\u00e9paratoires sont pr\u00e9vus avant la rencontre entre les parties.<\/p>\n<p style=\"text-align: justify;\">Celle-ci a pour objectif de conclure un accord sign\u00e9 par tous les parties et leurs soutiens sur la mani\u00e8re de r\u00e9soudre le conflit r\u00e9sultant du fait qualifi\u00e9 infraction. Il est transmis au Juge de la Jeunesse pour homologation.<\/p>\n<p style=\"text-align: justify;\">Est jointe \u00e9galement une d\u00e9claration d\u2019intention qui porte sur les d\u00e9marches concr\u00e8tes que le jeune entreprendra en vue de r\u00e9parer les dommages relationnels et mat\u00e9riels, les dommages subis par la communaut\u00e9 et d\u2019emp\u00eacher d\u2019autres faits dans le futur.<\/p>\n<p style=\"text-align: justify;\">La CRG est une d\u00e9marche volontaire. Chacune des parties peut y mettre un terme sans risquer de porter atteinte \u00e0 ses droits. La consultation d\u2019un avocat est possible \u00e0 tout moment.<\/p>\n<p style=\"text-align: justify;\">Les m\u00e9diateurs offrent un cadre neutre et bienveillant. Ils garantissent la confidentialit\u00e9 des propos et l\u2019\u00e9quilibre des \u00e9changes. Ils veillent \u00e0 l\u2019ex\u00e9cution de l\u2019accord.<\/p>\n<p>[\/et_pb_text][\/et_pb_column][\/et_pb_row][et_pb_row column_structure=\u00a0\u00bb1_3,1_3,1_3&Prime; _builder_version=\u00a0\u00bb4.3.2&Prime; background_color=\u00a0\u00bb#e2e2e2&Prime; custom_margin=\u00a0\u00bb4px|auto||auto|false|false\u00a0\u00bb global_colors_info=\u00a0\u00bb{}\u00a0\u00bb][et_pb_column type=\u00a0\u00bb1_3&Prime; _builder_version=\u00a0\u00bb4.3.2&Prime; global_colors_info=\u00a0\u00bb{}\u00a0\u00bb][et_pb_text _builder_version=\u00a0\u00bb4.3.2&Prime; text_text_color=\u00a0\u00bb#727272&Prime; background_color=\u00a0\u00bb#fed501&Prime; module_alignment=\u00a0\u00bbcenter\u00a0\u00bb custom_margin=\u00a0\u00bb10px|10px||10px|false|false\u00a0\u00bb custom_padding=\u00a0\u00bb10px|10px|10px|10px|false|false\u00a0\u00bb global_colors_info=\u00a0\u00bb{}\u00a0\u00bb]<\/p>\n<p style=\"text-align: center;\"><strong>La prestation \u00e9ducative et d\u2019int\u00e9r\u00eat g\u00e9n\u00e9ral<\/strong><\/p>\n<p>[\/et_pb_text][et_pb_text _builder_version=\u00a0\u00bb4.3.2&Prime; custom_padding=\u00a0\u00bb10px|10px|10px|10px|false|false\u00a0\u00bb global_colors_info=\u00a0\u00bb{}\u00a0\u00bb]<\/p>\n<p style=\"text-align: justify;\">Que ce soit par ordonnance ou par jugement, le juge de la jeunesse peut imposer une prestation au jeune ayant commis un fait qualifi\u00e9 infraction.<\/p>\n<p style=\"text-align: justify;\">La prestation est une activit\u00e9 b\u00e9n\u00e9vole au service d\u2019un organisme d\u2019utilit\u00e9 sociale (ASBL dans les secteurs social, sportif, culturel, maisons de retraites, CPAS, h\u00f4pitaux, etc.).<\/p>\n<p style=\"text-align: justify;\">Le nombre d\u2019heures est d\u00e9termin\u00e9. Il est de maximum 30 heures par ordonnance et 150 en jugement.<\/p>\n<p style=\"text-align: justify;\">Les entretiens pr\u00e9paratoires abordent le d\u00e9lit et ses cons\u00e9quences pour la victime, le jeune, sa famille et la soci\u00e9t\u00e9. Ils permettent de faire le point sur le parcours du jeune, sur sa situation familiale, sur son insertion dans ses milieux de vie, ses projets. Ces \u00e9l\u00e9ments servent de base \u00e0 l\u2019\u00e9laboration de la mesure, en tenant compte de l\u2019\u00e2ge et des comp\u00e9tences du jeune. Le but est qu\u2019il se rende utile mais aussi qu\u2019il en tire des b\u00e9n\u00e9fices (symbolique de r\u00e9paration, mise en confiance, valorisation, d\u00e9couverte d\u2019un milieu ou d\u2019une profession, remise en mouvement, etc.).<\/p>\n<p style=\"text-align: justify;\">Concr\u00e8tement, l\u2019activit\u00e9 est toujours en lien avec le service aux personnes. Elle peut \u00eatre manuelle, administrative, relationnelle, d\u2019animation, etc.<\/p>\n<p style=\"text-align: justify;\">LE PRISME organise la prestation\u00a0: recherche, prise de contact, pr\u00e9sentation du jeune \u00e0 l\u2019organisme, suivi. Une convention est sign\u00e9e entre le responsable, le jeune et LE PRISME : elle d\u00e9finit les modalit\u00e9s de la prestation et les responsabilit\u00e9s de chacun.<\/p>\n<p style=\"text-align: justify;\">\u00c0 terme, le d\u00e9roulement de la prestation est \u00e9valu\u00e9 ainsi que l\u2019ensemble des objectifs poursuivis.<\/p>\n<p style=\"text-align: justify;\">Des rapports sont envoy\u00e9s r\u00e9guli\u00e8rement au juge afin de l\u2019informer de l\u2019\u00e9volution de la situation dans sa globalit\u00e9.<\/p>\n<p>[\/et_pb_text][\/et_pb_column][et_pb_column type=\u00a0\u00bb1_3&Prime; _builder_version=\u00a0\u00bb4.3.2&Prime; global_colors_info=\u00a0\u00bb{}\u00a0\u00bb][et_pb_text _builder_version=\u00a0\u00bb4.3.2&Prime; text_text_color=\u00a0\u00bb#ffffff\u00a0\u00bb background_color=\u00a0\u00bb#ec7205&Prime; custom_margin=\u00a0\u00bb10px|10px||10px|false|false\u00a0\u00bb custom_padding=\u00a0\u00bb10px|10px|10px|10px|false|false\u00a0\u00bb global_colors_info=\u00a0\u00bb{}\u00a0\u00bb]<\/p>\n<p style=\"text-align: center;\"><strong>Le module de formation ou de sensibilisation aux cons\u00e9quences des actes accomplis et \u00e0 leur impact sur les victimes<\/strong><\/p>\n<p>[\/et_pb_text][et_pb_text _builder_version=\u00a0\u00bb4.3.2&Prime; custom_padding=\u00a0\u00bb10px|10px||10px|false|false\u00a0\u00bb global_colors_info=\u00a0\u00bb{}\u00a0\u00bb]<\/p>\n<p style=\"text-align: justify;\">Que ce soit par ordonnance ou par jugement, le Juge de la Jeunesse peut imposer un module de sensibilisation au jeune ayant commis un fait qualifi\u00e9 infraction.<\/p>\n<p style=\"text-align: justify;\">Des entretiens pr\u00e9paratoires et d\u2019\u00e9valuation sont organis\u00e9s avec les parents pour faire le point sur le parcours du jeune, sa situation familiale, son insertion dans ses milieux de vie, ses projets et ainsi adapter la formation aux jeunes qui composent le groupe.<\/p>\n<p style=\"text-align: justify;\">Le jeune participe \u00e0 plusieurs s\u00e9ances de r\u00e9flexion en groupe notamment sur les th\u00e8mes suivants\u00a0:<br \/> \u2022 Les cons\u00e9quences pour les victimes, pour lui-m\u00eame, ses proches et la soci\u00e9t\u00e9,<br \/> \u2022 Le sens et la fonction de la justice et du syst\u00e8me judiciaire,<br \/> \u2022 Les besoins, les \u00e9motions et les valeurs qui influent sur les comportements,<br \/> \u2022 Les fa\u00e7ons ad\u00e9quates de r\u00e9agir dans les situations sensibles,<br \/> \u2022 Le v\u00e9cu des jeunes, les ressources et comp\u00e9tences qui peuvent aider.<\/p>\n<p style=\"text-align: justify;\">Le module se d\u00e9roule sur plusieurs journ\u00e9es et se conclut par une \u00e9valuation de groupe. Les animateurs utilisent divers outils p\u00e9dagogiques et techniques d\u2019animation afin d\u2019assurer une participation dynamique.<\/p>\n<p>[\/et_pb_text][\/et_pb_column][et_pb_column type=\u00a0\u00bb1_3&Prime; _builder_version=\u00a0\u00bb4.3.2&Prime; global_colors_info=\u00a0\u00bb{}\u00a0\u00bb][et_pb_text _builder_version=\u00a0\u00bb4.3.2&Prime; text_text_color=\u00a0\u00bb#ffffff\u00a0\u00bb background_color=\u00a0\u00bb#e3001b\u00a0\u00bb module_alignment=\u00a0\u00bbcenter\u00a0\u00bb custom_margin=\u00a0\u00bb10px|10px||10px|false|false\u00a0\u00bb custom_padding=\u00a0\u00bb10px|10px|10px|10px|false|false\u00a0\u00bb global_colors_info=\u00a0\u00bb{}\u00a0\u00bb]<\/p>\n<p style=\"text-align: center;\"><strong>L\u2019activit\u00e9 encadr\u00e9e<\/strong><\/p>\n<p>[\/et_pb_text][et_pb_text _builder_version=\u00a0\u00bb4.3.2&Prime; custom_padding=\u00a0\u00bb10px|10px|10px|10px|false|false\u00a0\u00bb global_colors_info=\u00a0\u00bb{}\u00a0\u00bb]<\/p>\n<p style=\"text-align: justify;\">Par jugement, le Juge de la Jeunesse impose au jeune de participer \u00e0 une activit\u00e9 culturelle, sociale, sportive.<\/p>\n<p style=\"text-align: justify;\">C\u2019est une mesure \u00e9ducative qui demande au jeune de s\u2019investir dans un projet personnel construit avec ses parents et ses proches selon son \u00e2ge et ses capacit\u00e9s.<\/p>\n<p style=\"text-align: justify;\">LE PRISME rencontre le jeune et ses proches pour faire connaissance, parler du d\u00e9lit, de ses cons\u00e9quences et de l\u2019ensemble de la situation afin d\u2019identifier les difficult\u00e9s, les besoins et de construire un projet singulier.<\/p>\n<p style=\"text-align: justify;\">Celui-ci peut prendre des formes diff\u00e9rentes\u00a0: d\u00e9marches sociales et scolaires, activit\u00e9s sportives, culturelles, etc. Lorsque le projet est d\u00e9fini et planifi\u00e9, il est soumis au Juge de la Jeunesse.<\/p>\n<p style=\"text-align: justify;\">Les intervenants accompagnent et soutiennent le jeune dans la r\u00e9alisation de son activit\u00e9. Ils informent le Juge de la Jeunesse de l\u2019\u00e9volution de la situation globale par des rapports r\u00e9guliers.<\/p>\n<p>[\/et_pb_text][\/et_pb_column][\/et_pb_row][et_pb_row _builder_version=\u00a0\u00bb4.3.2&Prime; custom_margin=\u00a0\u00bb14px|auto|||false|false\u00a0\u00bb custom_padding=\u00a0\u00bb|20px|||false|false\u00a0\u00bb global_colors_info=\u00a0\u00bb{}\u00a0\u00bb][et_pb_column type=\u00a0\u00bb4_4&Prime; _builder_version=\u00a0\u00bb4.3.2&Prime; global_colors_info=\u00a0\u00bb{}\u00a0\u00bb][et_pb_text _builder_version=\u00a0\u00bb4.14.7&Prime; custom_margin=\u00a0\u00bb-17px|-41px|||false|false\u00a0\u00bb custom_padding=\u00a0\u00bb34px||24px||false|false\u00a0\u00bb hover_enabled=\u00a0\u00bb0&Prime; global_colors_info=\u00a0\u00bb{}\u00a0\u00bb sticky_enabled=\u00a0\u00bb0&Prime;]<\/p>\n<p style=\"text-align: center;\">A.S.B.L. agr\u00e9\u00e9e et subsidi\u00e9e par la F\u00e9d\u00e9ration Wallonie-Bruxelles.<br \/>N\u00b0 d&rsquo;entreprise 0442 292 680, RPM Mons-Charleroi, division de Mons.<\/p>\n<p style=\"text-align: center;\"><img loading=\"lazy\" decoding=\"async\" src=\"https:\/\/leprismeasbl.be\/wp-content\/uploads\/2020\/03\/FWB-log.jpg\" alt=\"\" class=\"wp-image-22 alignnone size-full\" width=\"150\" height=\"150\" \/><\/p>\n<p>[\/et_pb_text][\/et_pb_column][\/et_pb_row][\/et_pb_section][et_pb_section fb_built=\u00a0\u00bb1&Prime; _builder_version=\u00a0\u00bb4.3.2&Prime; background_color=\u00a0\u00bb#f4f4f4&Prime; min_height=\u00a0\u00bb10px\u00a0\u00bb custom_margin=\u00a0\u00bb5px||||false|false\u00a0\u00bb global_colors_info=\u00a0\u00bb{}\u00a0\u00bb][et_pb_row _builder_version=\u00a0\u00bb4.3.2&Prime; background_enable_color=\u00a0\u00bboff\u00a0\u00bb background_size=\u00a0\u00bbinitial\u00a0\u00bb background_position=\u00a0\u00bbtop_left\u00a0\u00bb background_repeat=\u00a0\u00bbrepeat\u00a0\u00bb custom_padding=\u00a0\u00bb5px||10px||false|false\u00a0\u00bb global_colors_info=\u00a0\u00bb{}\u00a0\u00bb][et_pb_column type=\u00a0\u00bb4_4&Prime; _builder_version=\u00a0\u00bb4.3.2&Prime; global_colors_info=\u00a0\u00bb{}\u00a0\u00bb][et_pb_text _builder_version=\u00a0\u00bb4.3.2&Prime; background_color=\u00a0\u00bb#0798a4&Prime; min_height=\u00a0\u00bb5px\u00a0\u00bb custom_padding=\u00a0\u00bb0px||2px||false|false\u00a0\u00bb global_colors_info=\u00a0\u00bb{}\u00a0\u00bb][\/et_pb_text][et_pb_text _builder_version=\u00a0\u00bb4.3.2&Prime; background_enable_color=\u00a0\u00bboff\u00a0\u00bb custom_margin=\u00a0\u00bb8px||||false|false\u00a0\u00bb global_colors_info=\u00a0\u00bb{}\u00a0\u00bb]<\/p>\n<p style=\"text-align: center;\"><strong>SERVICE D&rsquo;ACTIONS RESTAURATRICES ET EDUCATIVES<\/strong><\/p>\n<p style=\"text-align: center;\">7, rue des Tuileries &#8211; 7000 MONS &#8211; 065 34 94 51 &#8211; <a href=\"mailto:prisme@skynet.be\">prisme@skynet.be<\/a><\/p>\n<p>[\/et_pb_text][\/et_pb_column][\/et_pb_row][\/et_pb_section]<\/p>\n","protected":false},"excerpt":{"rendered":"<p>Le S.A.R.E. LE PRISME est un service de l\u2019Aide \u00e0 la Jeunesse. Il travaille sur la base d\u2019un mandat du Minist\u00e8re public ou du Tribunal de la Jeunesse. Il s\u2019adresse \u00e0 des mineurs ayant commis un fait qualifi\u00e9 infraction avant l\u2019\u00e2ge de 18\u00a0ans accomplis, ainsi qu\u2019\u00e0 toute personne susceptible de participer \u00e0 une offre restauratrice [&hellip;]<\/p>\n","protected":false},"author":2,"featured_media":0,"parent":0,"menu_order":0,"comment_status":"closed","ping_status":"closed","template":"","meta":{"_et_pb_use_builder":"on","_et_pb_old_content":"","_et_gb_content_width":"","footnotes":""},"class_list":["post-100","page","type-page","status-publish","hentry"],"_links":{"self":[{"href":"https:\/\/leprismeasbl.be\/index.php\/wp-json\/wp\/v2\/pages\/100","targetHints":{"allow":["GET"]}}],"collection":[{"href":"https:\/\/leprismeasbl.be\/index.php\/wp-json\/wp\/v2\/pages"}],"about":[{"href":"https:\/\/leprismeasbl.be\/index.php\/wp-json\/wp\/v2\/types\/page"}],"author":[{"embeddable":true,"href":"https:\/\/leprismeasbl.be\/index.php\/wp-json\/wp\/v2\/users\/2"}],"replies":[{"embeddable":true,"href":"https:\/\/leprismeasbl.be\/index.php\/wp-json\/wp\/v2\/comments?post=100"}],"version-history":[{"count":12,"href":"https:\/\/leprismeasbl.be\/index.php\/wp-json\/wp\/v2\/pages\/100\/revisions"}],"predecessor-version":[{"id":207,"href":"https:\/\/leprismeasbl.be\/index.php\/wp-json\/wp\/v2\/pages\/100\/revisions\/207"}],"wp:attachment":[{"href":"https:\/\/leprismeasbl.be\/index.php\/wp-json\/wp\/v2\/media?parent=100"}],"curies":[{"name":"wp","href":"https:\/\/api.w.org\/{rel}","templated":true}]}}