{"id":81,"date":"2020-03-13T10:18:49","date_gmt":"2020-03-13T09:18:49","guid":{"rendered":"http:\/\/leprismeasbl.be\/?page_id=81"},"modified":"2022-01-07T12:06:11","modified_gmt":"2022-01-07T11:06:11","slug":"contact","status":"publish","type":"page","link":"https:\/\/leprismeasbl.be\/index.php\/contact\/","title":{"rendered":"Contact"},"content":{"rendered":"<p>[et_pb_section fb_built=\u00a0\u00bb1&Prime; _builder_version=\u00a0\u00bb4.3.2&Prime; background_color=\u00a0\u00bb#f4f4f4&Prime; global_colors_info=\u00a0\u00bb{}\u00a0\u00bb][et_pb_row column_structure=\u00a0\u00bb1_3,1_3,1_3&Prime; _builder_version=\u00a0\u00bb4.3.2&Prime; global_colors_info=\u00a0\u00bb{}\u00a0\u00bb][et_pb_column type=\u00a0\u00bb1_3&Prime; _builder_version=\u00a0\u00bb4.3.2&Prime; global_colors_info=\u00a0\u00bb{}\u00a0\u00bb][et_pb_text _builder_version=\u00a0\u00bb4.3.2&Prime; custom_padding=\u00a0\u00bb40px|20px|||false|false\u00a0\u00bb global_colors_info=\u00a0\u00bb{}\u00a0\u00bb]<\/p>\n<p style=\"text-align: justify;\"><strong>O\u00f9\u00a0nous trouver ?<\/strong><\/p>\n<p><strong><\/strong><\/p>\n<p><strong><\/strong>B\u00e2timent situ\u00e9 au coin de la rue des Trois Boudins et de la rue des Tuileries, en face du th\u00e9\u00e2tre Le Man\u00e8ge (rue des Passages n\u00b0 1, coordonn\u00e9es GPS \u00e0 utiliser).<\/p>\n<p><strong><br \/>Comment nous contacter ?<\/strong><\/p>\n<p><strong><\/strong><\/p>\n<ul>\n<li>Par courrier : 7, rue des Tuileries \u2013 7000 MONS<\/li>\n<li>Par t\u00e9l\u00e9phone : 065 34 94 51 \u2013 0494 68 50 39 \u2013 0475 79 06 50<\/li>\n<li>Par mail : <a href=\"mailto:prisme@skynet.be\">prisme@skynet.be<\/a><\/li>\n<\/ul>\n<p>[\/et_pb_text][\/et_pb_column][et_pb_column type=\u00a0\u00bb1_3&Prime; _builder_version=\u00a0\u00bb4.3.2&Prime; global_colors_info=\u00a0\u00bb{}\u00a0\u00bb][et_pb_text _builder_version=\u00a0\u00bb4.14.5&Prime; min_height=\u00a0\u00bb361px\u00a0\u00bb custom_margin=\u00a0\u00bb40px||||false|false\u00a0\u00bb custom_padding=\u00a0\u00bb20px|10px|0px|10px|false|false\u00a0\u00bb animation_style=\u00a0\u00bbflip\u00a0\u00bb animation_duration=\u00a0\u00bb1750ms\u00a0\u00bb link_option_url=\u00a0\u00bbhttp:\/\/leprismeasbl.be\/wp-content\/uploads\/2020\/03\/Plan.png\u00a0\u00bb hover_enabled=\u00a0\u00bb0&Prime; global_colors_info=\u00a0\u00bb{}\u00a0\u00bb sticky_enabled=\u00a0\u00bb0&Prime;]<\/p>\n<p style=\"text-align: center;\"><a href=\"https:\/\/leprismeasbl.be\/wp-content\/uploads\/2022\/01\/Plan.png\"><img loading=\"lazy\" decoding=\"async\" src=\"https:\/\/leprismeasbl.be\/wp-content\/uploads\/2022\/01\/Plan-300x286.png\" alt=\"\" class=\"wp-image-201 alignnone size-medium\" width=\"300\" height=\"286\" \/><\/a><\/p>\n<p>[\/et_pb_text][\/et_pb_column][et_pb_column type=\u00a0\u00bb1_3&Prime; _builder_version=\u00a0\u00bb4.3.2&Prime; global_colors_info=\u00a0\u00bb{}\u00a0\u00bb][et_pb_text _builder_version=\u00a0\u00bb4.3.2&Prime; custom_padding=\u00a0\u00bb40px|||20px|false|false\u00a0\u00bb global_colors_info=\u00a0\u00bb{}\u00a0\u00bb]<\/p>\n<p style=\"text-align: justify;\"><strong>Encore des questions ?<\/strong><\/p>\n<p style=\"text-align: justify;\"><strong><\/strong><\/p>\n<ul>\n<li>Demandez notre <strong>d\u00e9pliant<\/strong> d\u2019informations g\u00e9n\u00e9rales, il est \u00e0 votre disposition dans nos locaux<\/li>\n<li>Interrogez nos <strong>intervenants<\/strong><\/li>\n<li>Consultez un <strong>avocat<\/strong> (gratuit pour un mineur)<br \/> ou<br \/> le <strong>Bureau d\u2019Aide Juridique<\/strong> (1\u00e8re information gratuite pour tous, permanence les lundi, mardi et jeudi de 13h00 \u00e0 14 h30)<br \/> Adresse : Cour de Justice &#8211; 1, rue des Droits de l\u2019Homme \u2013 7000 Mons<br \/> T\u00e9l : 065 37 97 04<br \/> Fax : 065 37 97 05<br \/> Par mail : <a href=\"mailto:baj@barreaudemons.be\">baj@barreaudemons.be<\/a><\/li>\n<\/ul>\n<p>[\/et_pb_text][\/et_pb_column][\/et_pb_row][\/et_pb_section][et_pb_section fb_built=\u00a0\u00bb1&Prime; _builder_version=\u00a0\u00bb4.3.2&Prime; background_color=\u00a0\u00bb#f4f4f4&Prime; custom_margin=\u00a0\u00bb5px||||false|false\u00a0\u00bb global_colors_info=\u00a0\u00bb{}\u00a0\u00bb][et_pb_row _builder_version=\u00a0\u00bb4.3.2&Prime; background_color=\u00a0\u00bb#f4f4f4&Prime; background_size=\u00a0\u00bbinitial\u00a0\u00bb background_position=\u00a0\u00bbtop_left\u00a0\u00bb background_repeat=\u00a0\u00bbrepeat\u00a0\u00bb global_colors_info=\u00a0\u00bb{}\u00a0\u00bb][et_pb_column type=\u00a0\u00bb4_4&Prime; _builder_version=\u00a0\u00bb4.3.2&Prime; global_colors_info=\u00a0\u00bb{}\u00a0\u00bb][et_pb_text _builder_version=\u00a0\u00bb4.3.2&Prime; background_color=\u00a0\u00bb#0798a4&Prime; min_height=\u00a0\u00bb5px\u00a0\u00bb custom_padding=\u00a0\u00bb||2px||false|false\u00a0\u00bb global_colors_info=\u00a0\u00bb{}\u00a0\u00bb][\/et_pb_text][et_pb_text _builder_version=\u00a0\u00bb4.3.2&Prime; background_color=\u00a0\u00bb#f4f4f4&Prime; custom_margin=\u00a0\u00bb8px||||false|false\u00a0\u00bb global_colors_info=\u00a0\u00bb{}\u00a0\u00bb]<\/p>\n<p style=\"text-align: center;\"><strong>SERVICE D&rsquo;ACTIONS RESTAURATRICES ET EDUCATIVES<\/strong><\/p>\n<p style=\"text-align: center;\">7, rue des Tuileries &#8211; 7000 MONS &#8211; 065 34 94 51 &#8211; <a href=\"mailto:prisme@skynet.be\">prisme@skynet.be<\/a><\/p>\n<p>[\/et_pb_text][\/et_pb_column][\/et_pb_row][\/et_pb_section]<\/p>\n","protected":false},"excerpt":{"rendered":"<p>O\u00f9\u00a0nous trouver ? B\u00e2timent situ\u00e9 au coin de la rue des Trois Boudins et de la rue des Tuileries, en face du th\u00e9\u00e2tre Le Man\u00e8ge (rue des Passages n\u00b0 1, coordonn\u00e9es GPS \u00e0 utiliser). Comment nous contacter ? Par courrier : 7, rue des Tuileries \u2013 7000 MONS Par t\u00e9l\u00e9phone : 065 34 94 51 [&hellip;]<\/p>\n","protected":false},"author":2,"featured_media":0,"parent":0,"menu_order":0,"comment_status":"closed","ping_status":"closed","template":"","meta":{"_et_pb_use_builder":"on","_et_pb_old_content":"","_et_gb_content_width":"","footnotes":""},"class_list":["post-81","page","type-page","status-publish","hentry"],"_links":{"self":[{"href":"https:\/\/leprismeasbl.be\/index.php\/wp-json\/wp\/v2\/pages\/81","targetHints":{"allow":["GET"]}}],"collection":[{"href":"https:\/\/leprismeasbl.be\/index.php\/wp-json\/wp\/v2\/pages"}],"about":[{"href":"https:\/\/leprismeasbl.be\/index.php\/wp-json\/wp\/v2\/types\/page"}],"author":[{"embeddable":true,"href":"https:\/\/leprismeasbl.be\/index.php\/wp-json\/wp\/v2\/users\/2"}],"replies":[{"embeddable":true,"href":"https:\/\/leprismeasbl.be\/index.php\/wp-json\/wp\/v2\/comments?post=81"}],"version-history":[{"count":8,"href":"https:\/\/leprismeasbl.be\/index.php\/wp-json\/wp\/v2\/pages\/81\/revisions"}],"predecessor-version":[{"id":202,"href":"https:\/\/leprismeasbl.be\/index.php\/wp-json\/wp\/v2\/pages\/81\/revisions\/202"}],"wp:attachment":[{"href":"https:\/\/leprismeasbl.be\/index.php\/wp-json\/wp\/v2\/media?parent=81"}],"curies":[{"name":"wp","href":"https:\/\/api.w.org\/{rel}","templated":true}]}}