{"id":87,"date":"2020-03-13T10:29:19","date_gmt":"2020-03-13T09:29:19","guid":{"rendered":"http:\/\/leprismeasbl.be\/?page_id=87"},"modified":"2020-03-13T15:26:56","modified_gmt":"2020-03-13T14:26:56","slug":"mediations","status":"publish","type":"page","link":"https:\/\/leprismeasbl.be\/index.php\/mediations\/","title":{"rendered":"M\u00e9diations"},"content":{"rendered":"<p>[et_pb_section fb_built=\u00a0\u00bb1&Prime; _builder_version=\u00a0\u00bb4.3.2&Prime; background_color=\u00a0\u00bb#f4f4f4&Prime;][et_pb_row column_structure=\u00a0\u00bb1_3,1_3,1_3&Prime; _builder_version=\u00a0\u00bb4.3.2&Prime;][et_pb_column type=\u00a0\u00bb1_3&Prime; _builder_version=\u00a0\u00bb4.3.2&Prime;][et_pb_text _builder_version=\u00a0\u00bb4.3.2&Prime; custom_padding=\u00a0\u00bb40px|20px|||false|false\u00a0\u00bb]<\/p>\n<p style=\"text-align: justify;\"><span style=\"color: #99cc00;\"><strong>Qu\u2019est-ce qu\u2019une m\u00e9diation ?<\/strong><\/span><\/p>\n<p style=\"text-align: justify;\"><strong><\/strong><\/p>\n<ul>\n<li style=\"text-align: justify;\">Une m\u00e9diation est une tentative de <strong>r\u00e9solution \u00e0 l\u2019amiable<\/strong> d\u2019un conflit ; elle vous permet de trouver une solution adapt\u00e9e \u00e0 votre probl\u00e8me avec notre aide.<\/li>\n<li style=\"text-align: justify;\">La m\u00e9diation est une <strong>d\u00e9marche enti\u00e8rement volontaire<\/strong>.<\/li>\n<li style=\"text-align: justify;\">\u00c0 tout moment, <strong>vous pouvez quitter<\/strong> le processus en gardant tous vos droits.<\/li>\n<li style=\"text-align: justify;\">Nous aidons \u00e0 trouver une <strong>issue positive au conflit<\/strong> par la reprise du dialogue et l\u2019\u00e9laboration d\u2019un accord selon vos souhaits.<\/li>\n<\/ul>\n<p>[\/et_pb_text][\/et_pb_column][et_pb_column type=\u00a0\u00bb1_3&Prime; _builder_version=\u00a0\u00bb4.3.2&Prime;][et_pb_text _builder_version=\u00a0\u00bb4.3.2&Prime; text_text_color=\u00a0\u00bb#ffffff\u00a0\u00bb background_color=\u00a0\u00bb#b9ca40&Prime; custom_padding=\u00a0\u00bb40px|10px||10px|false|false\u00a0\u00bb animation_style=\u00a0\u00bbflip\u00a0\u00bb animation_duration=\u00a0\u00bb1750ms\u00a0\u00bb]<\/p>\n<p style=\"text-align: justify;\"><strong>Qu\u2019allons-nous faire ensemble ?<\/strong><\/p>\n<p style=\"text-align: justify;\"><strong><\/strong><\/p>\n<ul>\n<li style=\"text-align: justify;\">Nous devons <strong>nous rencontrer<\/strong> pour conna\u00eetre votre situation, pour vous entendre sur les faits et leurs cons\u00e9quences. Nous vous aidons \u00e0 <strong>d\u00e9finir ce que vous attendez<\/strong> de cette m\u00e9diation.<\/li>\n<li style=\"text-align: justify;\">Ensuite, si vous le souhaitez, nous organisons une <strong>rencontre<\/strong> avec l\u2019autre partie <strong>en notre pr\u00e9sence<\/strong>.<br \/> Si les discussions aboutissent \u00e0 une entente, nous vous aidons \u00e0 la <strong>r\u00e9daction d\u2019un accord<\/strong> qui officialise ce qui a \u00e9t\u00e9 convenu.<br \/> Nous restons en contact avec vous pour v\u00e9rifier l\u2019<strong>ex\u00e9cution de l\u2019accord<\/strong>.<\/li>\n<li style=\"text-align: justify;\">Si vous \u00eates <strong>mineur<\/strong>, vos parents sont associ\u00e9s tout le long du processus.<\/li>\n<li style=\"text-align: justify;\">Notre travail se termine avec la fin de la d\u00e9marche, que la m\u00e9diation ait abouti ou pas.<\/li>\n<\/ul>\n<p>[\/et_pb_text][\/et_pb_column][et_pb_column type=\u00a0\u00bb1_3&Prime; _builder_version=\u00a0\u00bb4.3.2&Prime;][et_pb_text _builder_version=\u00a0\u00bb4.3.2&Prime; custom_padding=\u00a0\u00bb40px|||20px|false|false\u00a0\u00bb]<\/p>\n<p style=\"text-align: justify;\"><span style=\"color: #99cc00;\"><strong>LE PRISME vous aide<\/strong><\/span><\/p>\n<p style=\"text-align: justify;\"><strong><\/strong><\/p>\n<ul>\n<li style=\"text-align: justify;\">Nous sommes un service de l&rsquo;Aide \u00e0 la Jeunesse dont le but est de vous accompagner si vous \u00eates <strong>int\u00e9ress\u00e9s par une d\u00e9marche de m\u00e9diation<\/strong>.<\/li>\n<li style=\"text-align: justify;\">Vous pouvez en <strong>faire la demande<\/strong> au Procureur du Roi ou au Juge de la Jeunesse et nous vous conseillons sur la d\u00e9marche \u00e0 suivre.<\/li>\n<li style=\"text-align: justify;\">Si <strong>vous avez re\u00e7u une proposition<\/strong> de m\u00e9diation du Procureur du Roi ou du Juge de la Jeunesse, contactez-nous.<\/li>\n<li style=\"text-align: justify;\">Nous sommes tenus au <strong>secret professionnel<\/strong>, nous ne d\u00e9voilons pas le contenu des discussions.<br \/> Nous traitons vos donn\u00e9es personnelles avec le plus grand soin dans le cadre limit\u00e9 de notre mission.<\/li>\n<li style=\"text-align: justify;\">Nous envoyons au Procureur du Roi ou au Juge de la Jeunesse des <strong>rapports<\/strong> qui concernent uniquement l\u2019\u00e9tat d\u2019avancement de la m\u00e9diation.<br \/> Si un accord est trouv\u00e9, nous leur transmettons \u00e9galement.<\/li>\n<\/ul>\n<p>[\/et_pb_text][\/et_pb_column][\/et_pb_row][et_pb_row _builder_version=\u00a0\u00bb4.3.2&Prime; custom_padding=\u00a0\u00bb|20px|||false|false\u00a0\u00bb][et_pb_column type=\u00a0\u00bb4_4&Prime; _builder_version=\u00a0\u00bb4.3.2&Prime;][et_pb_text _builder_version=\u00a0\u00bb4.3.2&Prime; background_image=\u00a0\u00bbhttp:\/\/leprismeasbl.be\/wp-content\/uploads\/2020\/03\/illu-mediations.png\u00a0\u00bb background_size=\u00a0\u00bbcontain\u00a0\u00bb custom_padding=\u00a0\u00bb||214px||false|false\u00a0\u00bb animation_style=\u00a0\u00bbfold\u00a0\u00bb animation_duration=\u00a0\u00bb1750ms\u00a0\u00bb][\/et_pb_text][\/et_pb_column][\/et_pb_row][\/et_pb_section][et_pb_section fb_built=\u00a0\u00bb1&Prime; _builder_version=\u00a0\u00bb4.3.2&Prime; background_color=\u00a0\u00bb#f4f4f4&Prime; min_height=\u00a0\u00bb10px\u00a0\u00bb custom_margin=\u00a0\u00bb5px||||false|false\u00a0\u00bb][et_pb_row _builder_version=\u00a0\u00bb4.3.2&Prime; background_enable_color=\u00a0\u00bboff\u00a0\u00bb background_size=\u00a0\u00bbinitial\u00a0\u00bb background_position=\u00a0\u00bbtop_left\u00a0\u00bb background_repeat=\u00a0\u00bbrepeat\u00a0\u00bb custom_padding=\u00a0\u00bb5px||10px||false|false\u00a0\u00bb][et_pb_column type=\u00a0\u00bb4_4&Prime; _builder_version=\u00a0\u00bb4.3.2&Prime;][et_pb_text _builder_version=\u00a0\u00bb4.3.2&Prime; background_color=\u00a0\u00bb#0798a4&Prime; hover_enabled=\u00a0\u00bb0&Prime; min_height=\u00a0\u00bb5px\u00a0\u00bb custom_padding=\u00a0\u00bb0px||2px||false|false\u00a0\u00bb][\/et_pb_text][et_pb_text _builder_version=\u00a0\u00bb4.3.2&Prime; background_enable_color=\u00a0\u00bboff\u00a0\u00bb custom_margin=\u00a0\u00bb8px||||false|false\u00a0\u00bb]<\/p>\n<p style=\"text-align: center;\"><strong>SERVICE D&rsquo;ACTIONS RESTAURATRICES ET EDUCATIVES<\/strong><\/p>\n<p style=\"text-align: center;\">7, rue des Tuileries &#8211; 7000 MONS &#8211; 065 34 94 51 &#8211; <a href=\"mailto:prisme@skynet.be\">prisme@skynet.be<\/a><\/p>\n<p>[\/et_pb_text][\/et_pb_column][\/et_pb_row][\/et_pb_section]<\/p>\n","protected":false},"excerpt":{"rendered":"<p>Qu\u2019est-ce qu\u2019une m\u00e9diation ? Une m\u00e9diation est une tentative de r\u00e9solution \u00e0 l\u2019amiable d\u2019un conflit ; elle vous permet de trouver une solution adapt\u00e9e \u00e0 votre probl\u00e8me avec notre aide. La m\u00e9diation est une d\u00e9marche enti\u00e8rement volontaire. \u00c0 tout moment, vous pouvez quitter le processus en gardant tous vos droits. Nous aidons \u00e0 trouver une [&hellip;]<\/p>\n","protected":false},"author":2,"featured_media":0,"parent":0,"menu_order":0,"comment_status":"closed","ping_status":"closed","template":"","meta":{"_et_pb_use_builder":"on","_et_pb_old_content":"","_et_gb_content_width":"","footnotes":""},"class_list":["post-87","page","type-page","status-publish","hentry"],"_links":{"self":[{"href":"https:\/\/leprismeasbl.be\/index.php\/wp-json\/wp\/v2\/pages\/87","targetHints":{"allow":["GET"]}}],"collection":[{"href":"https:\/\/leprismeasbl.be\/index.php\/wp-json\/wp\/v2\/pages"}],"about":[{"href":"https:\/\/leprismeasbl.be\/index.php\/wp-json\/wp\/v2\/types\/page"}],"author":[{"embeddable":true,"href":"https:\/\/leprismeasbl.be\/index.php\/wp-json\/wp\/v2\/users\/2"}],"replies":[{"embeddable":true,"href":"https:\/\/leprismeasbl.be\/index.php\/wp-json\/wp\/v2\/comments?post=87"}],"version-history":[{"count":10,"href":"https:\/\/leprismeasbl.be\/index.php\/wp-json\/wp\/v2\/pages\/87\/revisions"}],"predecessor-version":[{"id":163,"href":"https:\/\/leprismeasbl.be\/index.php\/wp-json\/wp\/v2\/pages\/87\/revisions\/163"}],"wp:attachment":[{"href":"https:\/\/leprismeasbl.be\/index.php\/wp-json\/wp\/v2\/media?parent=87"}],"curies":[{"name":"wp","href":"https:\/\/api.w.org\/{rel}","templated":true}]}}